{"id":454,"date":"2020-12-16T07:42:25","date_gmt":"2020-12-16T07:42:25","guid":{"rendered":"https:\/\/animans.mls-test.ch\/?page_id=454"},"modified":"2024-12-20T07:43:01","modified_gmt":"2024-12-20T06:43:01","slug":"contact","status":"publish","type":"page","link":"https:\/\/animans.ch\/fr\/contact\/","title":{"rendered":"Contact"},"content":{"rendered":"<p>[et_pb_section fb_built=\u00a0\u00bb1&Prime; fullwidth=\u00a0\u00bbon\u00a0\u00bb next_background_color=\u00a0\u00bb#fcfcfc\u00a0\u00bb admin_label=\u00a0\u00bbHeader Section\u00a0\u00bb _builder_version=\u00a0\u00bb4.16&Prime; background_color=\u00a0\u00bb#ffffff\u00a0\u00bb custom_margin=\u00a0\u00bb80px||||false|false\u00a0\u00bb custom_margin_tablet=\u00a0\u00bb0px||||false|false\u00a0\u00bb custom_margin_phone=\u00a0\u00bb-25px||||false|false\u00a0\u00bb custom_margin_last_edited=\u00a0\u00bbon|phone\u00a0\u00bb bottom_divider_style=\u00a0\u00bbramp\u00a0\u00bb bottom_divider_flip=\u00a0\u00bbhorizontal\u00a0\u00bb locked=\u00a0\u00bboff\u00a0\u00bb global_colors_info=\u00a0\u00bb{}\u00a0\u00bb][et_pb_fullwidth_header subhead=\u00a0\u00bbContact\u00a0\u00bb text_orientation=\u00a0\u00bbcenter\u00a0\u00bb content_max_width=\u00a0\u00bb640px\u00a0\u00bb module_class=\u00a0\u00bbbg-kontakt\u00a0\u00bb _builder_version=\u00a0\u00bb4.16&Prime; title_font=\u00a0\u00bbUbuntu|||on|||||\u00a0\u00bb title_font_size=\u00a0\u00bb20px\u00a0\u00bb title_letter_spacing=\u00a0\u00bb3px\u00a0\u00bb title_line_height=\u00a0\u00bb1.5em\u00a0\u00bb content_font=\u00a0\u00bbUbuntu||||||||\u00a0\u00bb content_font_size=\u00a0\u00bb22px\u00a0\u00bb content_line_height=\u00a0\u00bb2em\u00a0\u00bb subhead_font=\u00a0\u00bbUbuntu|700|||||||\u00a0\u00bb subhead_font_size=\u00a0\u00bb60px\u00a0\u00bb subhead_line_height=\u00a0\u00bb1.5em\u00a0\u00bb background_color=\u00a0\u00bbrgba(255,255,255,0)\u00a0\u00bb background_image=\u00a0\u00bbhttps:\/\/animans.ch\/wp-content\/uploads\/2020\/12\/Alma-kontakt.jpg\u00a0\u00bb parallax=\u00a0\u00bbon\u00a0\u00bb parallax_method=\u00a0\u00bbon\u00a0\u00bb custom_button_one=\u00a0\u00bbon\u00a0\u00bb button_one_text_size=\u00a0\u00bb16px\u00a0\u00bb button_one_text_color=\u00a0\u00bb#ffffff\u00a0\u00bb button_one_bg_color=\u00a0\u00bb#d29f68&Prime; button_one_border_width=\u00a0\u00bb15px\u00a0\u00bb button_one_border_color=\u00a0\u00bbrgba(210,159,104,0)\u00a0\u00bb button_one_border_radius=\u00a0\u00bb100px\u00a0\u00bb button_one_letter_spacing=\u00a0\u00bb3px\u00a0\u00bb button_one_font=\u00a0\u00bbOswald|||on|||||\u00a0\u00bb button_one_use_icon=\u00a0\u00bboff\u00a0\u00bb custom_button_two=\u00a0\u00bbon\u00a0\u00bb button_two_text_size=\u00a0\u00bb16px\u00a0\u00bb button_two_text_color=\u00a0\u00bb#ffffff\u00a0\u00bb button_two_bg_color=\u00a0\u00bbrgba(255,255,255,0.35)\u00a0\u00bb button_two_border_width=\u00a0\u00bb15px\u00a0\u00bb button_two_border_color=\u00a0\u00bbrgba(0,0,0,0)\u00a0\u00bb button_two_border_radius=\u00a0\u00bb100px\u00a0\u00bb button_two_letter_spacing=\u00a0\u00bb3px\u00a0\u00bb button_two_font=\u00a0\u00bbOswald|||on|||||\u00a0\u00bb button_two_use_icon=\u00a0\u00bboff\u00a0\u00bb custom_margin=\u00a0\u00bb|||\u00a0\u00bb custom_padding=\u00a0\u00bb90px||90px||true\u00a0\u00bb animation_style=\u00a0\u00bbzoom\u00a0\u00bb animation_duration=\u00a0\u00bb2000ms\u00a0\u00bb animation_intensity_zoom=\u00a0\u00bb4%\u00a0\u00bb subhead_font_size_tablet=\u00a0\u00bb\u00a0\u00bb subhead_font_size_phone=\u00a0\u00bb50px\u00a0\u00bb subhead_font_size_last_edited=\u00a0\u00bbon|desktop\u00a0\u00bb custom_css_header_container=\u00a0\u00bbheight:400px;\u00a0\u00bb custom_css_header_image=\u00a0\u00bb||\u00a0\u00bb text_shadow_style=\u00a0\u00bbpreset3&Prime; text_shadow_blur_strength=\u00a0\u00bb2em\u00a0\u00bb text_shadow_color=\u00a0\u00bb#330f00&Prime; button_one_border_radius_hover=\u00a0\u00bb100px\u00a0\u00bb button_one_bg_color_hover=\u00a0\u00bb#cc8d66&Prime; button_two_bg_color_hover=\u00a0\u00bb#d29f68&Prime; global_colors_info=\u00a0\u00bb{}\u00a0\u00bb button_one_text_size__hover_enabled=\u00a0\u00bboff\u00a0\u00bb button_two_text_size__hover_enabled=\u00a0\u00bboff\u00a0\u00bb button_one_text_color__hover_enabled=\u00a0\u00bboff\u00a0\u00bb button_two_text_color__hover_enabled=\u00a0\u00bboff\u00a0\u00bb button_one_border_width__hover_enabled=\u00a0\u00bboff\u00a0\u00bb button_two_border_width__hover_enabled=\u00a0\u00bboff\u00a0\u00bb button_one_border_color__hover_enabled=\u00a0\u00bboff\u00a0\u00bb button_two_border_color__hover_enabled=\u00a0\u00bboff\u00a0\u00bb button_one_border_radius__hover_enabled=\u00a0\u00bbon\u00a0\u00bb button_one_border_radius__hover=\u00a0\u00bb100px\u00a0\u00bb button_two_border_radius__hover_enabled=\u00a0\u00bboff\u00a0\u00bb button_one_letter_spacing__hover_enabled=\u00a0\u00bboff\u00a0\u00bb button_two_letter_spacing__hover_enabled=\u00a0\u00bboff\u00a0\u00bb button_one_bg_color__hover_enabled=\u00a0\u00bbon\u00a0\u00bb button_one_bg_color__hover=\u00a0\u00bb#cc8d66&Prime; button_two_bg_color__hover_enabled=\u00a0\u00bbon\u00a0\u00bb button_two_bg_color__hover=\u00a0\u00bb#d29f68&Prime; custom_css_before_last_edited=\u00a0\u00bbon|phone\u00a0\u00bb custom_css_header_container_last_edited=\u00a0\u00bbon|phone\u00a0\u00bb custom_css_header_container_phone=\u00a0\u00bbheight: 100px;\u00a0\u00bb custom_css_header_container_tablet=\u00a0\u00bbheight:400px;\u00a0\u00bb][\/et_pb_fullwidth_header][\/et_pb_section][et_pb_section fb_built=\u00a0\u00bb1&Prime; custom_padding_last_edited=\u00a0\u00bbon|phone\u00a0\u00bb admin_label=\u00a0\u00bbSupport Section\u00a0\u00bb _builder_version=\u00a0\u00bb4.16&Prime; background_color=\u00a0\u00bb#fcfcfc\u00a0\u00bb custom_padding=\u00a0\u00bb80px|0px||0px|false|false\u00a0\u00bb custom_padding_tablet=\u00a0\u00bb\u00a0\u00bb custom_padding_phone=\u00a0\u00bb40px|0px||0px|false|false\u00a0\u00bb global_colors_info=\u00a0\u00bb{}\u00a0\u00bb][et_pb_row disabled_on=\u00a0\u00bboff|off|off\u00a0\u00bb _builder_version=\u00a0\u00bb4.16&Prime; _module_preset=\u00a0\u00bbdefault\u00a0\u00bb global_colors_info=\u00a0\u00bb{}\u00a0\u00bb][et_pb_column type=\u00a0\u00bb4_4&Prime; _builder_version=\u00a0\u00bb4.16&Prime; _module_preset=\u00a0\u00bbdefault\u00a0\u00bb global_colors_info=\u00a0\u00bb{}\u00a0\u00bb][et_pb_text content_last_edited=\u00a0\u00bboff|desktop\u00a0\u00bb _builder_version=\u00a0\u00bb4.16&Prime; _module_preset=\u00a0\u00bbdefault\u00a0\u00bb header_font=\u00a0\u00bbUbuntu|700|||||||\u00a0\u00bb header_text_align=\u00a0\u00bbcenter\u00a0\u00bb header_text_color=\u00a0\u00bb#773d00&Prime; header_font_size=\u00a0\u00bb49px\u00a0\u00bb header_2_font=\u00a0\u00bbUbuntu|700||on|||||\u00a0\u00bb header_2_text_color=\u00a0\u00bbrgba(119,83,45,0.59)\u00a0\u00bb header_2_font_size=\u00a0\u00bb21px\u00a0\u00bb header_2_letter_spacing=\u00a0\u00bb3px\u00a0\u00bb header_5_font=\u00a0\u00bbUbuntu||||||||\u00a0\u00bb header_5_text_align=\u00a0\u00bbcenter\u00a0\u00bb header_5_text_color=\u00a0\u00bb#dc9044&Prime; header_5_font_size=\u00a0\u00bb21px\u00a0\u00bb global_colors_info=\u00a0\u00bb{}\u00a0\u00bb]<\/p>\n<h1 style=\"text-align: center\">T\u00e9l\u00e9phone<\/h1>\n<h5 style=\"text-align: center\"><span><br \/> <a href=\"tel:0041264931060\">+41 (0)26 493 10 60<\/a><\/span><\/h5>\n<p>[\/et_pb_text][\/et_pb_column][\/et_pb_row][\/et_pb_section][et_pb_section fb_built=\u00a0\u00bb1&Prime; fullwidth=\u00a0\u00bbon\u00a0\u00bb _builder_version=\u00a0\u00bb4.16&Prime; _module_preset=\u00a0\u00bbdefault\u00a0\u00bb background_color=\u00a0\u00bb#dc9044&Prime; global_colors_info=\u00a0\u00bb{}\u00a0\u00bb][et_pb_fullwidth_map address=\u00a0\u00bbSchwalbenweg 7, 3186 D\u00fcdingen, Schweiz\u00a0\u00bb address_lat=\u00a0\u00bb46.8533634&Prime; address_lng=\u00a0\u00bb7.1968486&Prime; mouse_wheel=\u00a0\u00bboff\u00a0\u00bb _builder_version=\u00a0\u00bb4.21.0&Prime; _module_preset=\u00a0\u00bbdefault\u00a0\u00bb filter_opacity=\u00a0\u00bb90%\u00a0\u00bb child_filter_saturate=\u00a0\u00bb73%\u00a0\u00bb link_option_url_new_window=\u00a0\u00bbon\u00a0\u00bb global_colors_info=\u00a0\u00bb{}\u00a0\u00bb filter_opacity__hover_enabled=\u00a0\u00bbon|hover\u00a0\u00bb filter_opacity__hover=\u00a0\u00bb100%\u00a0\u00bb][et_pb_map_pin title=\u00a0\u00bbanimans cabinet v\u00e9t\u00e9rinaire pour animaux de rente\u00a0\u00bb pin_address=\u00a0\u00bbSchwalbenweg 7, 3186 D\u00fcdingen, Schweiz\u00a0\u00bb zoom_level=\u00a0\u00bb17&Prime; pin_address_lat=\u00a0\u00bb46.8533634&Prime; pin_address_lng=\u00a0\u00bb7.1968486&Prime; _builder_version=\u00a0\u00bb4.7.4&Prime; _module_preset=\u00a0\u00bbdefault\u00a0\u00bb global_colors_info=\u00a0\u00bb{}\u00a0\u00bb]<\/p>\n<p><a href=\"https:\/\/goo.gl\/maps\/RfVQeX3edc9oxGe27\" target=\"_blank\" rel=\"noopener noreferrer\">Ouvrez Google Maps<\/a><\/p>\n<p>[\/et_pb_map_pin][\/et_pb_fullwidth_map][\/et_pb_section]<\/p>\n","protected":false},"excerpt":{"rendered":"<p>T\u00e9l\u00e9phone +41 (0)26 493 10 60Ouvrez Google Maps<\/p>\n","protected":false},"author":1,"featured_media":0,"parent":0,"menu_order":0,"comment_status":"closed","ping_status":"closed","template":"","meta":{"_et_pb_use_builder":"on","_et_pb_old_content":"","_et_gb_content_width":"","footnotes":""},"class_list":["post-454","page","type-page","status-publish","hentry"],"yoast_head":"<!-- This site is optimized with the Yoast SEO plugin v24.3 - https:\/\/yoast.com\/wordpress\/plugins\/seo\/ -->\n<title>Contactez-nous \u00e0 toute heure par t\u00e9l\u00e9phone et par courrier - cabinet v\u00e9t\u00e9rinaire pour animaux<\/title>\n<meta name=\"description\" content=\"Nous sommes heureux de vous accueillir \u00e0 nos heures d&#039;ouverture au Schwalbenweg 7 \u00e0 Guin. En cas d&#039;urgence, nous sommes l\u00e0 pour vous 24 heures sur 24.\" \/>\n<meta name=\"robots\" content=\"index, follow, max-snippet:-1, max-image-preview:large, max-video-preview:-1\" \/>\n<link rel=\"canonical\" href=\"https:\/\/animans.ch\/fr\/contact\/\" \/>\n<meta property=\"og:locale\" content=\"fr_FR\" \/>\n<meta property=\"og:type\" content=\"article\" \/>\n<meta property=\"og:title\" content=\"Contactez-nous \u00e0 toute heure par t\u00e9l\u00e9phone et par courrier - cabinet v\u00e9t\u00e9rinaire pour animaux\" \/>\n<meta property=\"og:description\" content=\"Nous sommes heureux de vous accueillir \u00e0 nos heures d&#039;ouverture au Schwalbenweg 7 \u00e0 Guin. En cas d&#039;urgence, nous sommes l\u00e0 pour vous 24 heures sur 24.\" \/>\n<meta property=\"og:url\" content=\"https:\/\/animans.ch\/fr\/contact\/\" \/>\n<meta property=\"og:site_name\" content=\"Animans\" \/>\n<meta property=\"article:modified_time\" content=\"2024-12-20T06:43:01+00:00\" \/>\n<meta name=\"twitter:card\" content=\"summary_large_image\" \/>\n<meta name=\"twitter:label1\" content=\"Dur\u00e9e de lecture estim\u00e9e\" \/>\n\t<meta name=\"twitter:data1\" content=\"1 minute\" \/>\n<script type=\"application\/ld+json\" class=\"yoast-schema-graph\">{\"@context\":\"https:\/\/schema.org\",\"@graph\":[{\"@type\":\"WebPage\",\"@id\":\"https:\/\/animans.ch\/fr\/contact\/\",\"url\":\"https:\/\/animans.ch\/fr\/contact\/\",\"name\":\"Contactez-nous \u00e0 toute heure par t\u00e9l\u00e9phone et par courrier - cabinet v\u00e9t\u00e9rinaire pour animaux\",\"isPartOf\":{\"@id\":\"https:\/\/animans.ch\/#website\"},\"datePublished\":\"2020-12-16T07:42:25+00:00\",\"dateModified\":\"2024-12-20T06:43:01+00:00\",\"description\":\"Nous sommes heureux de vous accueillir \u00e0 nos heures d'ouverture au Schwalbenweg 7 \u00e0 Guin. En cas d'urgence, nous sommes l\u00e0 pour vous 24 heures sur 24.\",\"breadcrumb\":{\"@id\":\"https:\/\/animans.ch\/fr\/contact\/#breadcrumb\"},\"inLanguage\":\"fr-FR\",\"potentialAction\":[{\"@type\":\"ReadAction\",\"target\":[\"https:\/\/animans.ch\/fr\/contact\/\"]}]},{\"@type\":\"BreadcrumbList\",\"@id\":\"https:\/\/animans.ch\/fr\/contact\/#breadcrumb\",\"itemListElement\":[{\"@type\":\"ListItem\",\"position\":1,\"name\":\"Startseite\",\"item\":\"https:\/\/animans.ch\/fr\/\"},{\"@type\":\"ListItem\",\"position\":2,\"name\":\"Contact\"}]},{\"@type\":\"WebSite\",\"@id\":\"https:\/\/animans.ch\/#website\",\"url\":\"https:\/\/animans.ch\/\",\"name\":\"Animans\",\"description\":\"Nutztierpraxis\",\"publisher\":{\"@id\":\"https:\/\/animans.ch\/#organization\"},\"potentialAction\":[{\"@type\":\"SearchAction\",\"target\":{\"@type\":\"EntryPoint\",\"urlTemplate\":\"https:\/\/animans.ch\/?s={search_term_string}\"},\"query-input\":{\"@type\":\"PropertyValueSpecification\",\"valueRequired\":true,\"valueName\":\"search_term_string\"}}],\"inLanguage\":\"fr-FR\"},{\"@type\":\"Organization\",\"@id\":\"https:\/\/animans.ch\/#organization\",\"name\":\"animans Nutztierpraxis\",\"url\":\"https:\/\/animans.ch\/\",\"logo\":{\"@type\":\"ImageObject\",\"inLanguage\":\"fr-FR\",\"@id\":\"https:\/\/animans.ch\/#\/schema\/logo\/image\/\",\"url\":\"https:\/\/animans.ch\/wp-content\/uploads\/2021\/01\/animans-logo.jpg\",\"contentUrl\":\"https:\/\/animans.ch\/wp-content\/uploads\/2021\/01\/animans-logo.jpg\",\"width\":834,\"height\":230,\"caption\":\"animans Nutztierpraxis\"},\"image\":{\"@id\":\"https:\/\/animans.ch\/#\/schema\/logo\/image\/\"}}]}<\/script>\n<!-- \/ Yoast SEO plugin. -->","yoast_head_json":{"title":"Contactez-nous \u00e0 toute heure par t\u00e9l\u00e9phone et par courrier - cabinet v\u00e9t\u00e9rinaire pour animaux","description":"Nous sommes heureux de vous accueillir \u00e0 nos heures d'ouverture au Schwalbenweg 7 \u00e0 Guin. En cas d'urgence, nous sommes l\u00e0 pour vous 24 heures sur 24.","robots":{"index":"index","follow":"follow","max-snippet":"max-snippet:-1","max-image-preview":"max-image-preview:large","max-video-preview":"max-video-preview:-1"},"canonical":"https:\/\/animans.ch\/fr\/contact\/","og_locale":"fr_FR","og_type":"article","og_title":"Contactez-nous \u00e0 toute heure par t\u00e9l\u00e9phone et par courrier - cabinet v\u00e9t\u00e9rinaire pour animaux","og_description":"Nous sommes heureux de vous accueillir \u00e0 nos heures d'ouverture au Schwalbenweg 7 \u00e0 Guin. En cas d'urgence, nous sommes l\u00e0 pour vous 24 heures sur 24.","og_url":"https:\/\/animans.ch\/fr\/contact\/","og_site_name":"Animans","article_modified_time":"2024-12-20T06:43:01+00:00","twitter_card":"summary_large_image","twitter_misc":{"Dur\u00e9e de lecture estim\u00e9e":"1 minute"},"schema":{"@context":"https:\/\/schema.org","@graph":[{"@type":"WebPage","@id":"https:\/\/animans.ch\/fr\/contact\/","url":"https:\/\/animans.ch\/fr\/contact\/","name":"Contactez-nous \u00e0 toute heure par t\u00e9l\u00e9phone et par courrier - cabinet v\u00e9t\u00e9rinaire pour animaux","isPartOf":{"@id":"https:\/\/animans.ch\/#website"},"datePublished":"2020-12-16T07:42:25+00:00","dateModified":"2024-12-20T06:43:01+00:00","description":"Nous sommes heureux de vous accueillir \u00e0 nos heures d'ouverture au Schwalbenweg 7 \u00e0 Guin. En cas d'urgence, nous sommes l\u00e0 pour vous 24 heures sur 24.","breadcrumb":{"@id":"https:\/\/animans.ch\/fr\/contact\/#breadcrumb"},"inLanguage":"fr-FR","potentialAction":[{"@type":"ReadAction","target":["https:\/\/animans.ch\/fr\/contact\/"]}]},{"@type":"BreadcrumbList","@id":"https:\/\/animans.ch\/fr\/contact\/#breadcrumb","itemListElement":[{"@type":"ListItem","position":1,"name":"Startseite","item":"https:\/\/animans.ch\/fr\/"},{"@type":"ListItem","position":2,"name":"Contact"}]},{"@type":"WebSite","@id":"https:\/\/animans.ch\/#website","url":"https:\/\/animans.ch\/","name":"Animans","description":"Nutztierpraxis","publisher":{"@id":"https:\/\/animans.ch\/#organization"},"potentialAction":[{"@type":"SearchAction","target":{"@type":"EntryPoint","urlTemplate":"https:\/\/animans.ch\/?s={search_term_string}"},"query-input":{"@type":"PropertyValueSpecification","valueRequired":true,"valueName":"search_term_string"}}],"inLanguage":"fr-FR"},{"@type":"Organization","@id":"https:\/\/animans.ch\/#organization","name":"animans Nutztierpraxis","url":"https:\/\/animans.ch\/","logo":{"@type":"ImageObject","inLanguage":"fr-FR","@id":"https:\/\/animans.ch\/#\/schema\/logo\/image\/","url":"https:\/\/animans.ch\/wp-content\/uploads\/2021\/01\/animans-logo.jpg","contentUrl":"https:\/\/animans.ch\/wp-content\/uploads\/2021\/01\/animans-logo.jpg","width":834,"height":230,"caption":"animans Nutztierpraxis"},"image":{"@id":"https:\/\/animans.ch\/#\/schema\/logo\/image\/"}}]}},"_links":{"self":[{"href":"https:\/\/animans.ch\/fr\/wp-json\/wp\/v2\/pages\/454","targetHints":{"allow":["GET"]}}],"collection":[{"href":"https:\/\/animans.ch\/fr\/wp-json\/wp\/v2\/pages"}],"about":[{"href":"https:\/\/animans.ch\/fr\/wp-json\/wp\/v2\/types\/page"}],"author":[{"embeddable":true,"href":"https:\/\/animans.ch\/fr\/wp-json\/wp\/v2\/users\/1"}],"replies":[{"embeddable":true,"href":"https:\/\/animans.ch\/fr\/wp-json\/wp\/v2\/comments?post=454"}],"version-history":[{"count":0,"href":"https:\/\/animans.ch\/fr\/wp-json\/wp\/v2\/pages\/454\/revisions"}],"wp:attachment":[{"href":"https:\/\/animans.ch\/fr\/wp-json\/wp\/v2\/media?parent=454"}],"curies":[{"name":"wp","href":"https:\/\/api.w.org\/{rel}","templated":true}]}}